{"id":99,"date":"2020-07-22T23:53:40","date_gmt":"2020-07-22T23:53:40","guid":{"rendered":"https:\/\/www.mirva-tulisalo.com\/?page_id=99"},"modified":"2021-05-12T00:17:22","modified_gmt":"2021-05-12T00:17:22","slug":"services","status":"publish","type":"page","link":"https:\/\/www.mirva-tulisalo.com\/en\/services\/","title":{"rendered":"Services"},"content":{"rendered":"<h3><h1 class=\"cd-headline rotate-1\"><span>  <\/span> <span class=\"cd-words-wrapper\"><b class=\"is-visible\">Services<\/b>\n<\/span><\/h1><\/h3>\n\n\n\n<p class=\"has-very-dark-gray-color has-text-color has-medium-font-size\">We provide translation services in the fields of industrial property rights (IPR), technology and industry, trade and marketing, as well as medicine and chemistry.<\/p>\n\n\n\n<p><\/p>\n\n\n\n<h4 class=\"has-vivid-cyan-blue-color has-text-color\"><strong>Our standard working languages are:<\/strong><\/h4>\n\n\n\n<p class=\"has-very-dark-gray-color has-text-color\">Finnish - English - Finnish<\/p>\n\n\n\n<p class=\"has-very-dark-gray-color has-text-color\">Finnish - German - Finnish<\/p>\n\n\n\n<p class=\"has-very-dark-gray-color has-text-color\">Finnish - Swedish - Finnish<\/p>\n\n\n\n<p class=\"has-very-dark-gray-color has-text-color\">Finnish - French - Finnish<\/p>\n\n\n\n<p class=\"has-very-dark-gray-color has-text-color\">Please feel free to inquire about other language combinations!&nbsp;<\/p>\n\n\n\n<p class=\"has-very-dark-gray-color has-text-color\">We deliver translations in all the most common file forms (.docx, .xlsx, . pptx, .pdf).<\/p>\n\n\n\n<p class=\"has-very-dark-gray-color has-text-color\"><br>In addition to translations, we provide proofreading, language planning and editing services.<\/p>","protected":false},"excerpt":{"rendered":"<p>Tarjoamme k\u00e4\u00e4nn\u00f6spalvelut teollisoikeuksien (IPR), tekniikan ja teollisuuden, kaupan ja markkinoinnin sek\u00e4 l\u00e4\u00e4ketieteen ja kemian alalla. Yleisimm\u00e4t kieliyhdistelm\u00e4mme ovat: suomi &#8211; englanti &#8211; suomi suomi &#8211; saksa &#8211; suomi suomi &#8211; ruotsi &#8211; suomi suomi &#8211; ranska &#8211; suomi Tiedustele my\u00f6s muita kieliyhdistelmi\u00e4!&nbsp; Toimitamme k\u00e4\u00e4nn\u00f6ksi\u00e4 yleisimmiss\u00e4 tiedostomuodoissa (.doc, .xls, .ppt, .pdf). K\u00e4\u00e4nt\u00e4misen lis\u00e4ksi my\u00f6s tarkistamme, oikoluemme, [&hellip;]<\/p>","protected":false},"author":1,"featured_media":0,"parent":0,"menu_order":2,"comment_status":"closed","ping_status":"closed","template":"","meta":[],"blog_post_layout_featured_media_urls":{"thumbnail":"","full":""},"categories_names":null,"comments_number":"0","_links":{"self":[{"href":"https:\/\/www.mirva-tulisalo.com\/en\/wp-json\/wp\/v2\/pages\/99"}],"collection":[{"href":"https:\/\/www.mirva-tulisalo.com\/en\/wp-json\/wp\/v2\/pages"}],"about":[{"href":"https:\/\/www.mirva-tulisalo.com\/en\/wp-json\/wp\/v2\/types\/page"}],"author":[{"embeddable":true,"href":"https:\/\/www.mirva-tulisalo.com\/en\/wp-json\/wp\/v2\/users\/1"}],"replies":[{"embeddable":true,"href":"https:\/\/www.mirva-tulisalo.com\/en\/wp-json\/wp\/v2\/comments?post=99"}],"version-history":[{"count":13,"href":"https:\/\/www.mirva-tulisalo.com\/en\/wp-json\/wp\/v2\/pages\/99\/revisions"}],"predecessor-version":[{"id":245,"href":"https:\/\/www.mirva-tulisalo.com\/en\/wp-json\/wp\/v2\/pages\/99\/revisions\/245"}],"wp:attachment":[{"href":"https:\/\/www.mirva-tulisalo.com\/en\/wp-json\/wp\/v2\/media?parent=99"}],"curies":[{"name":"wp","href":"https:\/\/api.w.org\/{rel}","templated":true}]}}