{"id":96,"date":"2020-07-22T23:53:32","date_gmt":"2020-07-22T23:53:32","guid":{"rendered":"https:\/\/www.mirva-tulisalo.com\/?page_id=96"},"modified":"2021-05-12T00:17:25","modified_gmt":"2021-05-12T00:17:25","slug":"home","status":"publish","type":"page","link":"https:\/\/www.mirva-tulisalo.com\/en\/","title":{"rendered":"Home"},"content":{"rendered":"<h3><h1 class=\"cd-headline rotate-1\"><span>  <\/span> <span class=\"cd-words-wrapper\"><b class=\"is-visible\">Welcome to my homepage<\/b>\n<\/span><\/h1><\/h3>\n\n\n\n<p class=\"has-very-dark-gray-color has-text-color has-normal-font-size\">Offering high-quality translation services at competitive prices, K\u00e4\u00e4nn\u00f6spalvelu Mirva Tulisalo Oy is a trusted, reliable and highly skilled partner for your international communications.<\/p>\n\n\n\n<p><\/p>\n\n\n\n<h4 class=\"has-vivid-cyan-blue-color has-text-color\"><strong>Quality and professionalism<\/strong><\/h4>\n\n\n\n<p class=\"has-very-dark-gray-color has-text-color has-normal-font-size\">For our customers, we are a skilled and reliable partner. Our translations are prepared by experienced and proficient translators having special expertise in translations relating to patents, technology and marketing communications. Our translation work is in compliance with the requirements of EN ISO 17100 which assures the high quality of our services.<\/p>\n\n\n\n<p><\/p>\n\n\n\n<h4 class=\"has-vivid-cyan-blue-color has-text-color\"><strong>Reliability and cost-efficiency<\/strong><\/h4>\n\n\n\n<p class=\"has-very-dark-gray-color has-text-color has-normal-font-size\">We are a small but dynamic translation office, allowing us to handle translation projects with excellent cost efficiency \u2013 when necessary, even on a tight schedule. Our customers value our punctuality and reliability. Many our customers are long-term business partners, some of whom have been working with us for nearly 20 years.<\/p>","protected":false},"excerpt":{"rendered":"<p>K\u00e4\u00e4nn\u00f6spalvelu Mirva Tulisalo Oy on luotettava ja ammattitaitoinen kumppanisi kansainv\u00e4liseen viestint\u00e4\u00e4n. Tarjoamme korkealaatuiset k\u00e4\u00e4nn\u00f6spalvelut kilpailukykyiseen hintaan. Laadukkaasti ja ammattitaitoisesti Olemme asiakkaillemme osaava ja luotettava kumppani. K\u00e4\u00e4nn\u00f6ksemme ovat kokeneiden ja ammattitaitoisten k\u00e4\u00e4nt\u00e4jien laatimia, jotka ovat perehtyneet erityisesti patentteihin, tekniikkaan ja markkinointiviestint\u00e4\u00e4n. K\u00e4\u00e4nn\u00f6st\u00f6iss\u00e4mme noudatamme kansainv\u00e4list\u00e4 EN ISO 17100 -standardia, mik\u00e4 takaa palvelujemme korkean laadun. Luotettavasti ja kustannustehokkaasti [&hellip;]<\/p>","protected":false},"author":1,"featured_media":0,"parent":0,"menu_order":1,"comment_status":"closed","ping_status":"closed","template":"","meta":[],"blog_post_layout_featured_media_urls":{"thumbnail":"","full":""},"categories_names":null,"comments_number":"0","_links":{"self":[{"href":"https:\/\/www.mirva-tulisalo.com\/en\/wp-json\/wp\/v2\/pages\/96"}],"collection":[{"href":"https:\/\/www.mirva-tulisalo.com\/en\/wp-json\/wp\/v2\/pages"}],"about":[{"href":"https:\/\/www.mirva-tulisalo.com\/en\/wp-json\/wp\/v2\/types\/page"}],"author":[{"embeddable":true,"href":"https:\/\/www.mirva-tulisalo.com\/en\/wp-json\/wp\/v2\/users\/1"}],"replies":[{"embeddable":true,"href":"https:\/\/www.mirva-tulisalo.com\/en\/wp-json\/wp\/v2\/comments?post=96"}],"version-history":[{"count":49,"href":"https:\/\/www.mirva-tulisalo.com\/en\/wp-json\/wp\/v2\/pages\/96\/revisions"}],"predecessor-version":[{"id":246,"href":"https:\/\/www.mirva-tulisalo.com\/en\/wp-json\/wp\/v2\/pages\/96\/revisions\/246"}],"wp:attachment":[{"href":"https:\/\/www.mirva-tulisalo.com\/en\/wp-json\/wp\/v2\/media?parent=96"}],"curies":[{"name":"wp","href":"https:\/\/api.w.org\/{rel}","templated":true}]}}