{"id":105,"date":"2020-07-22T23:53:55","date_gmt":"2020-07-22T23:53:55","guid":{"rendered":"https:\/\/www.mirva-tulisalo.com\/?page_id=105"},"modified":"2021-05-12T00:19:39","modified_gmt":"2021-05-12T00:19:39","slug":"company","status":"publish","type":"page","link":"https:\/\/www.mirva-tulisalo.com\/en\/company\/","title":{"rendered":"About us"},"content":{"rendered":"<h3><h1 class=\"cd-headline rotate-1\"><span>  <\/span> <span class=\"cd-words-wrapper\"><b class=\"is-visible\">About us<\/b>\n<\/span><\/h1><\/h3>\n\n\n\n<h4 class=\"has-vivid-cyan-blue-color has-text-color\"><strong>K\u00e4\u00e4nn\u00f6spalvelu Mirva Tulisalo Oy<\/strong><\/h4>\n\n\n\n<p class=\"has-very-dark-gray-color has-text-color\">founded 2004, this dynamic translation services company offers translations, proofreading, language planning and editing in Finnish, English, German, Swedish and French.&nbsp;<\/p>\n\n\n\n<p class=\"has-very-dark-gray-color has-text-color\">FM Mirva Tulisalo is the managing director of the company and also one of its translators.&nbsp;&nbsp;<\/p>\n\n\n\n<p class=\"has-very-dark-gray-color has-text-color\">Mirva has worked as a professional translator for more than 20 years and has excellent professional skills and experience with special expertise in the fields of technology, patent and IPR. Mirva is also a member of the Finnish Association of Translators and Interpreters (SKTL).&nbsp;<\/p>\n\n\n\n<p class=\"has-very-dark-gray-color has-text-color\">In order to guarantee a professional and high-quality product, K\u00e4\u00e4nn\u00f6spalvelu Mirva Tulisalo Oy employs the services of a diverse and multilingual network of freelance translators and proofreaders, as well as professional experts in a variety of fields. \n\nOur translation work is in compliance with the requirements of EN ISO 17100.<\/p>\n\n\n\n<p class=\"has-very-dark-gray-color has-text-color\">For a high-quality, efficient and reliable translation at a competitive price, just contact us \u2013 we will be pleased to help you!<\/p>\n\n\n\n<p class=\"has-very-dark-gray-color has-text-color\">EN ISO 17100 certified translations<\/p>","protected":false},"excerpt":{"rendered":"<p>K\u00e4\u00e4nn\u00f6spalvelu Mirva Tulisalo Oy on vuonna 2004 perustettu dynaaminen k\u00e4\u00e4nn\u00f6salan yritys, joka tarjoaa k\u00e4\u00e4nn\u00f6ksi\u00e4&nbsp;ja kielentarkistuksia suomen, englannin, saksan, ruotsin&nbsp;ja ranskan&nbsp;kielell\u00e4.&nbsp; Yrityksen toimitusjohtajana ja kielenk\u00e4\u00e4nt\u00e4j\u00e4n\u00e4 toimii FM Mirva Tulisalo.&nbsp;&nbsp; Mirva on ty\u00f6skennellyt k\u00e4\u00e4nt\u00e4j\u00e4n\u00e4 yli 20 vuotta ja omaa rautaisen ammattitaidon varsinkin tekniikan ja patenttien alalla. H\u00e4n on&nbsp;Suomen k\u00e4\u00e4nt\u00e4jien ja tulkkien liiton, SKTL ry:n j\u00e4sen.&nbsp; K\u00e4\u00e4nn\u00f6spalvelun tukena [&hellip;]<\/p>","protected":false},"author":1,"featured_media":0,"parent":0,"menu_order":3,"comment_status":"closed","ping_status":"closed","template":"","meta":[],"blog_post_layout_featured_media_urls":{"thumbnail":"","full":""},"categories_names":null,"comments_number":"0","_links":{"self":[{"href":"https:\/\/www.mirva-tulisalo.com\/en\/wp-json\/wp\/v2\/pages\/105"}],"collection":[{"href":"https:\/\/www.mirva-tulisalo.com\/en\/wp-json\/wp\/v2\/pages"}],"about":[{"href":"https:\/\/www.mirva-tulisalo.com\/en\/wp-json\/wp\/v2\/types\/page"}],"author":[{"embeddable":true,"href":"https:\/\/www.mirva-tulisalo.com\/en\/wp-json\/wp\/v2\/users\/1"}],"replies":[{"embeddable":true,"href":"https:\/\/www.mirva-tulisalo.com\/en\/wp-json\/wp\/v2\/comments?post=105"}],"version-history":[{"count":8,"href":"https:\/\/www.mirva-tulisalo.com\/en\/wp-json\/wp\/v2\/pages\/105\/revisions"}],"predecessor-version":[{"id":251,"href":"https:\/\/www.mirva-tulisalo.com\/en\/wp-json\/wp\/v2\/pages\/105\/revisions\/251"}],"wp:attachment":[{"href":"https:\/\/www.mirva-tulisalo.com\/en\/wp-json\/wp\/v2\/media?parent=105"}],"curies":[{"name":"wp","href":"https:\/\/api.w.org\/{rel}","templated":true}]}}