{"id":102,"date":"2020-07-22T23:53:48","date_gmt":"2020-07-22T23:53:48","guid":{"rendered":"https:\/\/www.mirva-tulisalo.com\/?page_id=102"},"modified":"2021-05-12T00:24:48","modified_gmt":"2021-05-12T00:24:48","slug":"contact","status":"publish","type":"page","link":"https:\/\/www.mirva-tulisalo.com\/en\/contact\/","title":{"rendered":"Contact Information"},"content":{"rendered":"<h3><h1 class=\"cd-headline rotate-1\"><span>  <\/span> <span class=\"cd-words-wrapper\"><b class=\"is-visible\">Contact Information<\/b>\n<\/span><\/h1><\/h3>\n\n\n\n<h5>K\u00e4\u00e4nn\u00f6spalvelu Mirva Tulisalo Oy <\/h5>\n\n\n\n<p>Sorvarinkuja 1, 64700 Teuva<br>+358 (0)40 570 8823<br>info@mirva-tulisalo.com<\/p>\n\n\n\n<figure><iframe loading=\"lazy\" src=\"https:\/\/www.google.com\/maps\/embed?pb=!1m18!1m12!1m3!1d460.6669627868402!2d21.73522052928659!3d62.49393231830895!2m3!1f0!2f0!3f0!3m2!1i1024!2i768!4f13.1!3m3!1m2!1s0x46880db66ac77c75%3A0x82ba0e97433f58a8!2sSorvarinkuja%201%2C%2064700%20Teuva!5e0!3m2!1sfi!2sfi!4v1595458909514!5m2!1sfi!2sfi\" width=\"600\" height=\"450\" allowfullscreen=\"\"><\/iframe><\/figure>","protected":false},"excerpt":{"rendered":"<p>K\u00e4\u00e4nn\u00f6spalvelu Mirva Tulisalo Oy Sorvarinkuja 1, 64700 Teuva+358 (0)40 570 8823info@mirva-tulisalo.com<\/p>","protected":false},"author":1,"featured_media":0,"parent":0,"menu_order":4,"comment_status":"closed","ping_status":"closed","template":"","meta":[],"blog_post_layout_featured_media_urls":{"thumbnail":"","full":""},"categories_names":null,"comments_number":"0","_links":{"self":[{"href":"https:\/\/www.mirva-tulisalo.com\/en\/wp-json\/wp\/v2\/pages\/102"}],"collection":[{"href":"https:\/\/www.mirva-tulisalo.com\/en\/wp-json\/wp\/v2\/pages"}],"about":[{"href":"https:\/\/www.mirva-tulisalo.com\/en\/wp-json\/wp\/v2\/types\/page"}],"author":[{"embeddable":true,"href":"https:\/\/www.mirva-tulisalo.com\/en\/wp-json\/wp\/v2\/users\/1"}],"replies":[{"embeddable":true,"href":"https:\/\/www.mirva-tulisalo.com\/en\/wp-json\/wp\/v2\/comments?post=102"}],"version-history":[{"count":8,"href":"https:\/\/www.mirva-tulisalo.com\/en\/wp-json\/wp\/v2\/pages\/102\/revisions"}],"predecessor-version":[{"id":252,"href":"https:\/\/www.mirva-tulisalo.com\/en\/wp-json\/wp\/v2\/pages\/102\/revisions\/252"}],"wp:attachment":[{"href":"https:\/\/www.mirva-tulisalo.com\/en\/wp-json\/wp\/v2\/media?parent=102"}],"curies":[{"name":"wp","href":"https:\/\/api.w.org\/{rel}","templated":true}]}}